{"id":29,"date":"2024-07-09T02:52:27","date_gmt":"2024-07-09T02:52:27","guid":{"rendered":"https:\/\/fondadulcejesusmiousa.com\/?page_id=29"},"modified":"2025-10-13T20:51:38","modified_gmt":"2025-10-13T20:51:38","slug":"quienes-somos","status":"publish","type":"page","link":"https:\/\/fondadulcejesusmiousa.com\/en\/quienes-somos\/","title":{"rendered":"About us"},"content":{"rendered":"<div data-elementor-type=\"wp-page\" data-elementor-id=\"29\" class=\"elementor elementor-29\" data-elementor-post-type=\"page\">\n\t\t\t\t\t\t<section class=\"elementor-section elementor-top-section elementor-element elementor-element-d689ebd elementor-section-height-min-height elementor-section-boxed elementor-section-height-default elementor-section-items-middle\" data-id=\"d689ebd\" data-element_type=\"section\" data-e-type=\"section\" data-settings=\"{&quot;background_background&quot;:&quot;classic&quot;}\">\n\t\t\t\t\t\t<div class=\"elementor-container elementor-column-gap-default\">\n\t\t\t\t\t<div class=\"elementor-column elementor-col-100 elementor-top-column elementor-element elementor-element-38f0d62\" data-id=\"38f0d62\" data-element_type=\"column\" data-e-type=\"column\">\n\t\t\t<div class=\"elementor-widget-wrap\">\n\t\t\t\t\t\t\t<\/div>\n\t\t<\/div>\n\t\t\t\t\t<\/div>\n\t\t<\/section>\n\t\t\t\t<section class=\"elementor-section elementor-top-section elementor-element elementor-element-8919bc2 elementor-section-boxed elementor-section-height-default elementor-section-height-default\" data-id=\"8919bc2\" data-element_type=\"section\" data-e-type=\"section\" data-settings=\"{&quot;background_background&quot;:&quot;classic&quot;}\">\n\t\t\t\t\t\t<div class=\"elementor-container elementor-column-gap-default\">\n\t\t\t\t\t<div class=\"elementor-column elementor-col-100 elementor-top-column elementor-element elementor-element-50533be\" data-id=\"50533be\" data-element_type=\"column\" data-e-type=\"column\">\n\t\t\t<div class=\"elementor-widget-wrap elementor-element-populated\">\n\t\t\t\t\t\t<div class=\"elementor-element elementor-element-feef127 elementor-widget elementor-widget-text-editor\" data-id=\"feef127\" data-element_type=\"widget\" data-e-type=\"widget\" data-widget_type=\"text-editor.default\">\n\t\t\t\t<div class=\"elementor-widget-container\">\n\t\t\t\t\t\t\t\t\t<p>What is a Fonda?<\/p><p>For Our Colombian People,<br \/>A <strong>\"FONDA\"<\/strong> is an stay or roadside establishment, where the muleteers (muleteers) made their stations on their long journeys from town to town with their muleteers.<br \/>It was simply... It was the dream place, it was the favorite place to arrive every time you traveled.<br \/>These places served to travelers and passers-by as shelters and food and grocery stores, they also served \"liquor\" especially... the nowadays famous (Aguardiente), in (LAS FONDAS) you could listen to \"Guasca\" music, popular music that told love stories or simply contained traditional lyrics.<br \/>FONDAS still exist today, but with the development of transportation and telecommunications, as well as the massive migration of farmers to the cities, they have been greatly reduced in number and extent.<\/p><p>In many cities of COLOMBIA, they have tried to reestablish the concept of \"FONDA\", but only as a repeat... and in an attempt to remember the tradition and the typical customs, LA FONDA, is a Bar with a typical \"paisa\" decoration where you can listen to good music, mostly \"old music, carrilera music, spite music and popular music, also tangos and Mexican rancheras. But with mixtures of modern rhythms, such as Cumbias, Porros and vallenato from the Caribbean Coast.<\/p><p>They are in many cases and occasions the favorite places for friends and family to celebrate, eat, drink and have a good time. Nowadays, people from many cities and countries, people of all levels and social classes attend fondas.<\/p><p>The waiters and waitresses of a fonda wear typical dress accompanied by a good Sombrero and a good carriel, How nice it is heard when all the assistants of the FONDA sing in chorus a good song... and it is said <strong>\"SALUD HPTA\"<\/strong><\/p>\t\t\t\t\t\t\t\t<\/div>\n\t\t\t\t<\/div>\n\t\t\t\t\t<\/div>\n\t\t<\/div>\n\t\t\t\t\t<\/div>\n\t\t<\/section>\n\t\t\t\t<\/div>","protected":false},"excerpt":{"rendered":"<p>\u00bfQu\u00e9 es una Fonda? Para Nuestra Gente Colombiana,Una &#8220;FONDA&#8221; es una estancia o establecimiento a la vera del camino, Donde los arrieros (muleros) hac\u00edan sus estaciones en sus largos viajes de Pueblo a Pueblo con sus muladas.Simplemente&#8230; Era el lugar so\u00f1ado, era el lugar favorito de llegada cada vez que se viajaba.Estos lugares serv\u00edan a [&hellip;]<\/p>\n","protected":false},"author":1,"featured_media":0,"parent":0,"menu_order":0,"comment_status":"closed","ping_status":"closed","template":"","meta":{"footnotes":""},"class_list":["post-29","page","type-page","status-publish","hentry"],"_links":{"self":[{"href":"https:\/\/fondadulcejesusmiousa.com\/en\/wp-json\/wp\/v2\/pages\/29","targetHints":{"allow":["GET"]}}],"collection":[{"href":"https:\/\/fondadulcejesusmiousa.com\/en\/wp-json\/wp\/v2\/pages"}],"about":[{"href":"https:\/\/fondadulcejesusmiousa.com\/en\/wp-json\/wp\/v2\/types\/page"}],"author":[{"embeddable":true,"href":"https:\/\/fondadulcejesusmiousa.com\/en\/wp-json\/wp\/v2\/users\/1"}],"replies":[{"embeddable":true,"href":"https:\/\/fondadulcejesusmiousa.com\/en\/wp-json\/wp\/v2\/comments?post=29"}],"version-history":[{"count":6,"href":"https:\/\/fondadulcejesusmiousa.com\/en\/wp-json\/wp\/v2\/pages\/29\/revisions"}],"predecessor-version":[{"id":1715,"href":"https:\/\/fondadulcejesusmiousa.com\/en\/wp-json\/wp\/v2\/pages\/29\/revisions\/1715"}],"wp:attachment":[{"href":"https:\/\/fondadulcejesusmiousa.com\/en\/wp-json\/wp\/v2\/media?parent=29"}],"curies":[{"name":"wp","href":"https:\/\/api.w.org\/{rel}","templated":true}]}}